{"id":2,"date":"2020-05-27T22:11:42","date_gmt":"2020-05-27T19:11:42","guid":{"rendered":"http:\/\/odyoset.com.tr\/?page_id=2"},"modified":"2023-06-20T16:56:52","modified_gmt":"2023-06-20T13:56:52","slug":"ornek-sayfa","status":"publish","type":"page","link":"https:\/\/odyoset.com.tr\/","title":{"rendered":"Odyoset \u0130\u015fitme Cihazlar\u0131"},"content":{"rendered":"\n<p>Bu \u00f6rnek bir sayfad\u0131r. Bir blog yaz\u0131s\u0131ndan farkl\u0131d\u0131r \u00e7\u00fcnk\u00fc belirli bir yerde sabit olarak kal\u0131r ve teman\u0131z\u0131n dola\u015f\u0131m men\u00fcs\u00fcnde ba\u015fl\u0131\u011f\u0131 g\u00f6r\u00fcnt\u00fclenir(\u00e7o\u011fu tema destekler). Bir \u00e7ok insan potansiyel ziyaret\u00e7ilerini kar\u015f\u0131lamak ad\u0131na bir Hakk\u0131nda sayfas\u0131 kullan\u0131r. \u015euna benzeyen bir sayfa:<\/p>\n\n\n\n<blockquote class=\"wp-block-quote\"><p>Merhaba! G\u00fcnd\u00fczleri bisikletli kurye, geceleri ise hevesli bir akt\u00f6r\u00fcm, buras\u0131 da benim sitem. \u0130stanbul\u2019da ya\u015f\u0131yorum, B\u0131d\u0131k isminde harika bir k\u00f6pe\u011fim var ve pi\u00f1a colada i\u00e7meyi seviyorum. (Ve ya\u011fmura yakalanmay\u0131.)<\/p><\/blockquote>\n\n\n\n<p>\u2026ya da bunun gibi bir \u015feyler:<\/p>\n\n\n\n<blockquote class=\"wp-block-quote\"><p>XYZ firmas\u0131 1971\u2019de kurulmu\u015ftur ve kuruldu\u011fundan bu yana kaliteli \u015feyler \u00fcretmektedir. Gotham \u015fehrinde konu\u015flanm\u0131\u015f olan XYZ firmas\u0131 2.000\u2019in \u00fczerinde \u00e7al\u0131\u015fan\u0131 ile Gotham \u015fehri i\u00e7in her \u015feyin en iyisini yapmaya \u00e7al\u0131\u015fmaktad\u0131r.<\/p><\/blockquote>\n\n\n\n<p>Yeni bir WordPress kullan\u0131c\u0131s\u0131 olarak \u00f6ncelikle <a href=\"http:\/\/odyoset.com.tr\/wp-admin\/\">ba\u015flang\u0131\u00e7 sayfas\u0131na<\/a> giderek bu sayfay\u0131 silip kendi sayfalar\u0131n\u0131z\u0131 olu\u015fturmal\u0131s\u0131n\u0131z. \u0130yi e\u011flenceler!<\/p>\n","protected":false},"excerpt":{"rendered":"<p>Bu \u00f6rnek bir sayfad\u0131r. Bir blog yaz\u0131s\u0131ndan farkl\u0131d\u0131r \u00e7\u00fcnk\u00fc belirli bir yerde sabit olarak kal\u0131r ve teman\u0131z\u0131n dola\u015f\u0131m men\u00fcs\u00fcnde ba\u015fl\u0131\u011f\u0131 g\u00f6r\u00fcnt\u00fclenir(\u00e7o\u011fu tema destekler). Bir \u00e7ok insan potansiyel ziyaret\u00e7ilerini kar\u015f\u0131lamak ad\u0131na &#8230;<\/p>\n","protected":false},"author":1,"featured_media":0,"parent":0,"menu_order":0,"comment_status":"closed","ping_status":"closed","template":"template-frontpage.php","meta":[],"yoast_head":"<!-- This site is optimized with the Yoast SEO plugin v20.9 - https:\/\/yoast.com\/wordpress\/plugins\/seo\/ -->\n<title>Odyoset \u0130\u015fitme Cihazlar\u0131 |<\/title>\n<meta name=\"robots\" content=\"index, follow, max-snippet:-1, max-image-preview:large, max-video-preview:-1\" \/>\n<link rel=\"canonical\" href=\"https:\/\/odyoset.com.tr\/\" \/>\n<meta property=\"og:locale\" content=\"tr_TR\" \/>\n<meta property=\"og:type\" content=\"article\" \/>\n<meta property=\"og:title\" content=\"Odyoset \u0130\u015fitme Cihazlar\u0131 |\" \/>\n<meta property=\"og:description\" content=\"Bu \u00f6rnek bir sayfad\u0131r. Bir blog yaz\u0131s\u0131ndan farkl\u0131d\u0131r \u00e7\u00fcnk\u00fc belirli bir yerde sabit olarak kal\u0131r ve teman\u0131z\u0131n dola\u015f\u0131m men\u00fcs\u00fcnde ba\u015fl\u0131\u011f\u0131 g\u00f6r\u00fcnt\u00fclenir(\u00e7o\u011fu tema destekler). Bir \u00e7ok insan potansiyel ziyaret\u00e7ilerini kar\u015f\u0131lamak ad\u0131na ...\" \/>\n<meta property=\"og:url\" content=\"https:\/\/odyoset.com.tr\/\" \/>\n<meta property=\"article:publisher\" content=\"https:\/\/www.facebook.com\/people\/ODYOSET-TME-MERKEZ\/100064193582497\/?locale=th_TH\" \/>\n<meta property=\"article:modified_time\" content=\"2023-06-20T13:56:52+00:00\" \/>\n<meta name=\"twitter:card\" content=\"summary_large_image\" \/>\n<meta name=\"twitter:label1\" content=\"Tahmini okuma s\u00fcresi\" \/>\n\t<meta name=\"twitter:data1\" content=\"1 dakika\" \/>\n<script type=\"application\/ld+json\" class=\"yoast-schema-graph\">{\"@context\":\"https:\/\/schema.org\",\"@graph\":[{\"@type\":\"WebPage\",\"@id\":\"https:\/\/odyoset.com.tr\/\",\"url\":\"https:\/\/odyoset.com.tr\/\",\"name\":\"Odyoset \u0130\u015fitme Cihazlar\u0131 |\",\"isPartOf\":{\"@id\":\"https:\/\/odyoset.com.tr\/#website\"},\"datePublished\":\"2020-05-27T19:11:42+00:00\",\"dateModified\":\"2023-06-20T13:56:52+00:00\",\"breadcrumb\":{\"@id\":\"https:\/\/odyoset.com.tr\/#breadcrumb\"},\"inLanguage\":\"tr\",\"potentialAction\":[{\"@type\":\"ReadAction\",\"target\":[\"https:\/\/odyoset.com.tr\/\"]}]},{\"@type\":\"BreadcrumbList\",\"@id\":\"https:\/\/odyoset.com.tr\/#breadcrumb\",\"itemListElement\":[{\"@type\":\"ListItem\",\"position\":1,\"name\":\"Ana sayfa\",\"item\":\"https:\/\/odyoset.com.tr\/\"},{\"@type\":\"ListItem\",\"position\":2,\"name\":\"Odyoset \u0130\u015fitme Cihazlar\u0131\"}]},{\"@type\":\"WebSite\",\"@id\":\"https:\/\/odyoset.com.tr\/#website\",\"url\":\"https:\/\/odyoset.com.tr\/\",\"name\":\"Odyoset \u0130\u015fitme Cihazlar\u0131 Merkezi\",\"description\":\"\",\"publisher\":{\"@id\":\"https:\/\/odyoset.com.tr\/#organization\"},\"potentialAction\":[{\"@type\":\"SearchAction\",\"target\":{\"@type\":\"EntryPoint\",\"urlTemplate\":\"https:\/\/odyoset.com.tr\/?s={search_term_string}\"},\"query-input\":\"required name=search_term_string\"}],\"inLanguage\":\"tr\"},{\"@type\":\"Organization\",\"@id\":\"https:\/\/odyoset.com.tr\/#organization\",\"name\":\"Odyoset \u0130\u015fitme Cihazlar\u0131 ve Rehabilitasyon E\u011fitim\",\"url\":\"https:\/\/odyoset.com.tr\/\",\"logo\":{\"@type\":\"ImageObject\",\"inLanguage\":\"tr\",\"@id\":\"https:\/\/odyoset.com.tr\/#\/schema\/logo\/image\/\",\"url\":\"https:\/\/odyoset.com.tr\/wp-content\/uploads\/2020\/05\/logo-odyoset.png\",\"contentUrl\":\"https:\/\/odyoset.com.tr\/wp-content\/uploads\/2020\/05\/logo-odyoset.png\",\"width\":250,\"height\":73,\"caption\":\"Odyoset \u0130\u015fitme Cihazlar\u0131 ve Rehabilitasyon E\u011fitim\"},\"image\":{\"@id\":\"https:\/\/odyoset.com.tr\/#\/schema\/logo\/image\/\"},\"sameAs\":[\"https:\/\/www.facebook.com\/people\/ODYOSET-TME-MERKEZ\/100064193582497\/?locale=th_TH\"]}]}<\/script>\n<!-- \/ Yoast SEO plugin. -->","yoast_head_json":{"title":"Odyoset \u0130\u015fitme Cihazlar\u0131 |","robots":{"index":"index","follow":"follow","max-snippet":"max-snippet:-1","max-image-preview":"max-image-preview:large","max-video-preview":"max-video-preview:-1"},"canonical":"https:\/\/odyoset.com.tr\/","og_locale":"tr_TR","og_type":"article","og_title":"Odyoset \u0130\u015fitme Cihazlar\u0131 |","og_description":"Bu \u00f6rnek bir sayfad\u0131r. Bir blog yaz\u0131s\u0131ndan farkl\u0131d\u0131r \u00e7\u00fcnk\u00fc belirli bir yerde sabit olarak kal\u0131r ve teman\u0131z\u0131n dola\u015f\u0131m men\u00fcs\u00fcnde ba\u015fl\u0131\u011f\u0131 g\u00f6r\u00fcnt\u00fclenir(\u00e7o\u011fu tema destekler). Bir \u00e7ok insan potansiyel ziyaret\u00e7ilerini kar\u015f\u0131lamak ad\u0131na ...","og_url":"https:\/\/odyoset.com.tr\/","article_publisher":"https:\/\/www.facebook.com\/people\/ODYOSET-TME-MERKEZ\/100064193582497\/?locale=th_TH","article_modified_time":"2023-06-20T13:56:52+00:00","twitter_card":"summary_large_image","twitter_misc":{"Tahmini okuma s\u00fcresi":"1 dakika"},"schema":{"@context":"https:\/\/schema.org","@graph":[{"@type":"WebPage","@id":"https:\/\/odyoset.com.tr\/","url":"https:\/\/odyoset.com.tr\/","name":"Odyoset \u0130\u015fitme Cihazlar\u0131 |","isPartOf":{"@id":"https:\/\/odyoset.com.tr\/#website"},"datePublished":"2020-05-27T19:11:42+00:00","dateModified":"2023-06-20T13:56:52+00:00","breadcrumb":{"@id":"https:\/\/odyoset.com.tr\/#breadcrumb"},"inLanguage":"tr","potentialAction":[{"@type":"ReadAction","target":["https:\/\/odyoset.com.tr\/"]}]},{"@type":"BreadcrumbList","@id":"https:\/\/odyoset.com.tr\/#breadcrumb","itemListElement":[{"@type":"ListItem","position":1,"name":"Ana sayfa","item":"https:\/\/odyoset.com.tr\/"},{"@type":"ListItem","position":2,"name":"Odyoset \u0130\u015fitme Cihazlar\u0131"}]},{"@type":"WebSite","@id":"https:\/\/odyoset.com.tr\/#website","url":"https:\/\/odyoset.com.tr\/","name":"Odyoset \u0130\u015fitme Cihazlar\u0131 Merkezi","description":"","publisher":{"@id":"https:\/\/odyoset.com.tr\/#organization"},"potentialAction":[{"@type":"SearchAction","target":{"@type":"EntryPoint","urlTemplate":"https:\/\/odyoset.com.tr\/?s={search_term_string}"},"query-input":"required name=search_term_string"}],"inLanguage":"tr"},{"@type":"Organization","@id":"https:\/\/odyoset.com.tr\/#organization","name":"Odyoset \u0130\u015fitme Cihazlar\u0131 ve Rehabilitasyon E\u011fitim","url":"https:\/\/odyoset.com.tr\/","logo":{"@type":"ImageObject","inLanguage":"tr","@id":"https:\/\/odyoset.com.tr\/#\/schema\/logo\/image\/","url":"https:\/\/odyoset.com.tr\/wp-content\/uploads\/2020\/05\/logo-odyoset.png","contentUrl":"https:\/\/odyoset.com.tr\/wp-content\/uploads\/2020\/05\/logo-odyoset.png","width":250,"height":73,"caption":"Odyoset \u0130\u015fitme Cihazlar\u0131 ve Rehabilitasyon E\u011fitim"},"image":{"@id":"https:\/\/odyoset.com.tr\/#\/schema\/logo\/image\/"},"sameAs":["https:\/\/www.facebook.com\/people\/ODYOSET-TME-MERKEZ\/100064193582497\/?locale=th_TH"]}]}},"_links":{"self":[{"href":"https:\/\/odyoset.com.tr\/index.php\/wp-json\/wp\/v2\/pages\/2"}],"collection":[{"href":"https:\/\/odyoset.com.tr\/index.php\/wp-json\/wp\/v2\/pages"}],"about":[{"href":"https:\/\/odyoset.com.tr\/index.php\/wp-json\/wp\/v2\/types\/page"}],"author":[{"embeddable":true,"href":"https:\/\/odyoset.com.tr\/index.php\/wp-json\/wp\/v2\/users\/1"}],"replies":[{"embeddable":true,"href":"https:\/\/odyoset.com.tr\/index.php\/wp-json\/wp\/v2\/comments?post=2"}],"version-history":[{"count":2,"href":"https:\/\/odyoset.com.tr\/index.php\/wp-json\/wp\/v2\/pages\/2\/revisions"}],"predecessor-version":[{"id":1672,"href":"https:\/\/odyoset.com.tr\/index.php\/wp-json\/wp\/v2\/pages\/2\/revisions\/1672"}],"wp:attachment":[{"href":"https:\/\/odyoset.com.tr\/index.php\/wp-json\/wp\/v2\/media?parent=2"}],"curies":[{"name":"wp","href":"https:\/\/api.w.org\/{rel}","templated":true}]}}