{"id":1604,"date":"2020-05-29T07:45:23","date_gmt":"2020-05-29T04:45:23","guid":{"rendered":"http:\/\/odyoset.com.tr\/?page_id=1604"},"modified":"2020-05-29T08:01:48","modified_gmt":"2020-05-29T05:01:48","slug":"1604-2","status":"publish","type":"page","link":"https:\/\/odyoset.com.tr\/index.php\/1604-2\/","title":{"rendered":"resimler"},"content":{"rendered":"\n<figure class=\"wp-block-image size-large\"><img decoding=\"async\" loading=\"lazy\" width=\"960\" height=\"480\" src=\"http:\/\/odyoset.com.tr\/wp-content\/uploads\/2020\/05\/Styletto-Connect_on-table_white_960x480-1.jpg\" alt=\"\" class=\"wp-image-1610\" srcset=\"https:\/\/odyoset.com.tr\/wp-content\/uploads\/2020\/05\/Styletto-Connect_on-table_white_960x480-1.jpg 960w, https:\/\/odyoset.com.tr\/wp-content\/uploads\/2020\/05\/Styletto-Connect_on-table_white_960x480-1-300x150.jpg 300w, https:\/\/odyoset.com.tr\/wp-content\/uploads\/2020\/05\/Styletto-Connect_on-table_white_960x480-1-768x384.jpg 768w\" sizes=\"(max-width: 960px) 100vw, 960px\" \/><\/figure>\n\n\n\n<figure class=\"wp-block-image size-large\"><img decoding=\"async\" loading=\"lazy\" width=\"1024\" height=\"320\" src=\"http:\/\/odyoset.com.tr\/wp-content\/uploads\/2020\/05\/Styletto-Connect_Darius_showing-charger_2560x800-1560x488-1-1024x320.jpg\" alt=\"\" class=\"wp-image-1609\" srcset=\"https:\/\/odyoset.com.tr\/wp-content\/uploads\/2020\/05\/Styletto-Connect_Darius_showing-charger_2560x800-1560x488-1-1024x320.jpg 1024w, https:\/\/odyoset.com.tr\/wp-content\/uploads\/2020\/05\/Styletto-Connect_Darius_showing-charger_2560x800-1560x488-1-300x94.jpg 300w, https:\/\/odyoset.com.tr\/wp-content\/uploads\/2020\/05\/Styletto-Connect_Darius_showing-charger_2560x800-1560x488-1-768x240.jpg 768w, https:\/\/odyoset.com.tr\/wp-content\/uploads\/2020\/05\/Styletto-Connect_Darius_showing-charger_2560x800-1560x488-1-1536x480.jpg 1536w, https:\/\/odyoset.com.tr\/wp-content\/uploads\/2020\/05\/Styletto-Connect_Darius_showing-charger_2560x800-1560x488-1.jpg 1560w\" sizes=\"(max-width: 1024px) 100vw, 1024px\" \/><\/figure>\n\n\n\n<figure class=\"wp-block-image size-large\"><img decoding=\"async\" loading=\"lazy\" width=\"960\" height=\"480\" src=\"http:\/\/odyoset.com.tr\/wp-content\/uploads\/2020\/05\/Pure-Charge-Go-Nx_on-wood_960x480.jpg\" alt=\"\" class=\"wp-image-1608\" srcset=\"https:\/\/odyoset.com.tr\/wp-content\/uploads\/2020\/05\/Pure-Charge-Go-Nx_on-wood_960x480.jpg 960w, https:\/\/odyoset.com.tr\/wp-content\/uploads\/2020\/05\/Pure-Charge-Go-Nx_on-wood_960x480-300x150.jpg 300w, https:\/\/odyoset.com.tr\/wp-content\/uploads\/2020\/05\/Pure-Charge-Go-Nx_on-wood_960x480-768x384.jpg 768w\" sizes=\"(max-width: 960px) 100vw, 960px\" \/><\/figure>\n\n\n\n<figure class=\"wp-block-image is-resized size-large\"><img decoding=\"async\" loading=\"lazy\" src=\"http:\/\/odyoset.com.tr\/wp-content\/uploads\/2020\/05\/Beltone-Apollo-Charger-Open-Front-1024x846.jpg\" alt=\"\" class=\"wp-image-1548\" width=\"512\" height=\"423\" srcset=\"https:\/\/odyoset.com.tr\/wp-content\/uploads\/2020\/05\/Beltone-Apollo-Charger-Open-Front-1024x846.jpg 1024w, https:\/\/odyoset.com.tr\/wp-content\/uploads\/2020\/05\/Beltone-Apollo-Charger-Open-Front-300x248.jpg 300w, https:\/\/odyoset.com.tr\/wp-content\/uploads\/2020\/05\/Beltone-Apollo-Charger-Open-Front-768x634.jpg 768w, https:\/\/odyoset.com.tr\/wp-content\/uploads\/2020\/05\/Beltone-Apollo-Charger-Open-Front-1536x1268.jpg 1536w, https:\/\/odyoset.com.tr\/wp-content\/uploads\/2020\/05\/Beltone-Apollo-Charger-Open-Front-2048x1691.jpg 2048w\" sizes=\"(max-width: 512px) 100vw, 512px\" \/><figcaption>Beltone.Apollo.Charger.Open.Front.Logo.Luxor.Grey<\/figcaption><\/figure>\n\n\n\n<figure class=\"wp-block-image is-resized size-large\"><img decoding=\"async\" loading=\"lazy\" src=\"http:\/\/odyoset.com.tr\/wp-content\/uploads\/2020\/05\/audeo-marvel.jpg\" alt=\"\" class=\"wp-image-1607\" width=\"302\" height=\"302\" srcset=\"https:\/\/odyoset.com.tr\/wp-content\/uploads\/2020\/05\/audeo-marvel.jpg 403w, https:\/\/odyoset.com.tr\/wp-content\/uploads\/2020\/05\/audeo-marvel-300x300.jpg 300w, https:\/\/odyoset.com.tr\/wp-content\/uploads\/2020\/05\/audeo-marvel-150x150.jpg 150w\" sizes=\"(max-width: 302px) 100vw, 302px\" \/><\/figure>\n\n\n\n<figure class=\"wp-block-image size-large\"><img decoding=\"async\" loading=\"lazy\" width=\"1024\" height=\"439\" src=\"http:\/\/odyoset.com.tr\/wp-content\/uploads\/2020\/05\/BT_Gen_Hero_Header-1024x439.jpg\" alt=\"\" class=\"wp-image-1543\" srcset=\"https:\/\/odyoset.com.tr\/wp-content\/uploads\/2020\/05\/BT_Gen_Hero_Header-1024x439.jpg 1024w, https:\/\/odyoset.com.tr\/wp-content\/uploads\/2020\/05\/BT_Gen_Hero_Header-300x129.jpg 300w, https:\/\/odyoset.com.tr\/wp-content\/uploads\/2020\/05\/BT_Gen_Hero_Header-768x329.jpg 768w, https:\/\/odyoset.com.tr\/wp-content\/uploads\/2020\/05\/BT_Gen_Hero_Header-1536x658.jpg 1536w, https:\/\/odyoset.com.tr\/wp-content\/uploads\/2020\/05\/BT_Gen_Hero_Header-2048x878.jpg 2048w\" sizes=\"(max-width: 1024px) 100vw, 1024px\" \/><figcaption>Beltone generic on ear hero outdoor man<\/figcaption><\/figure>\n\n\n\n<figure class=\"wp-block-image size-large\"><img decoding=\"async\" loading=\"lazy\" width=\"1024\" height=\"538\" src=\"http:\/\/odyoset.com.tr\/wp-content\/uploads\/2020\/05\/BT_ANDROID_HI_PHONE_Linkedin-1-1024x538.jpg\" alt=\"\" class=\"wp-image-10\" srcset=\"https:\/\/odyoset.com.tr\/wp-content\/uploads\/2020\/05\/BT_ANDROID_HI_PHONE_Linkedin-1-1024x538.jpg 1024w, https:\/\/odyoset.com.tr\/wp-content\/uploads\/2020\/05\/BT_ANDROID_HI_PHONE_Linkedin-1-300x158.jpg 300w, https:\/\/odyoset.com.tr\/wp-content\/uploads\/2020\/05\/BT_ANDROID_HI_PHONE_Linkedin-1-768x403.jpg 768w, https:\/\/odyoset.com.tr\/wp-content\/uploads\/2020\/05\/BT_ANDROID_HI_PHONE_Linkedin-1.jpg 1200w\" sizes=\"(max-width: 1024px) 100vw, 1024px\" \/><figcaption>Images to use for SoMe posts on Facebook and Twitter<\/figcaption><\/figure>\n\n\n\n<figure class=\"wp-block-image size-large\"><img decoding=\"async\" loading=\"lazy\" width=\"1024\" height=\"576\" src=\"http:\/\/odyoset.com.tr\/wp-content\/uploads\/2020\/05\/BT_AM_HCP_CHARGER-1024x576.jpg\" alt=\"\" class=\"wp-image-1542\" srcset=\"https:\/\/odyoset.com.tr\/wp-content\/uploads\/2020\/05\/BT_AM_HCP_CHARGER-1024x576.jpg 1024w, https:\/\/odyoset.com.tr\/wp-content\/uploads\/2020\/05\/BT_AM_HCP_CHARGER-300x169.jpg 300w, https:\/\/odyoset.com.tr\/wp-content\/uploads\/2020\/05\/BT_AM_HCP_CHARGER-768x432.jpg 768w, https:\/\/odyoset.com.tr\/wp-content\/uploads\/2020\/05\/BT_AM_HCP_CHARGER-1536x864.jpg 1536w, https:\/\/odyoset.com.tr\/wp-content\/uploads\/2020\/05\/BT_AM_HCP_CHARGER.jpg 1920w\" sizes=\"(max-width: 1024px) 100vw, 1024px\" \/><\/figure>\n\n\n\n<figure class=\"wp-block-image size-large\"><img decoding=\"async\" loading=\"lazy\" width=\"1024\" height=\"439\" src=\"http:\/\/odyoset.com.tr\/wp-content\/uploads\/2020\/05\/BT_Gen_HCP_Talking_Header-1024x439.jpg\" alt=\"\" class=\"wp-image-8\" srcset=\"https:\/\/odyoset.com.tr\/wp-content\/uploads\/2020\/05\/BT_Gen_HCP_Talking_Header-1024x439.jpg 1024w, https:\/\/odyoset.com.tr\/wp-content\/uploads\/2020\/05\/BT_Gen_HCP_Talking_Header-300x129.jpg 300w, https:\/\/odyoset.com.tr\/wp-content\/uploads\/2020\/05\/BT_Gen_HCP_Talking_Header-768x329.jpg 768w, https:\/\/odyoset.com.tr\/wp-content\/uploads\/2020\/05\/BT_Gen_HCP_Talking_Header-1536x658.jpg 1536w, https:\/\/odyoset.com.tr\/wp-content\/uploads\/2020\/05\/BT_Gen_HCP_Talking_Header-2048x878.jpg 2048w\" sizes=\"(max-width: 1024px) 100vw, 1024px\" \/><figcaption>Beltone generic HCP office woman clinic fitting client patient<\/figcaption><\/figure>\n\n\n\n<figure class=\"wp-block-image size-medium\"><img decoding=\"async\" loading=\"lazy\" width=\"300\" height=\"199\" src=\"http:\/\/odyoset.com.tr\/wp-content\/uploads\/2020\/05\/BT_DL_Product-Lineup-scaled-e1590613842947-300x199.jpg\" alt=\"\" class=\"wp-image-1541\" srcset=\"https:\/\/odyoset.com.tr\/wp-content\/uploads\/2020\/05\/BT_DL_Product-Lineup-scaled-e1590613842947-300x199.jpg 300w, https:\/\/odyoset.com.tr\/wp-content\/uploads\/2020\/05\/BT_DL_Product-Lineup-scaled-e1590613842947-1024x681.jpg 1024w, https:\/\/odyoset.com.tr\/wp-content\/uploads\/2020\/05\/BT_DL_Product-Lineup-scaled-e1590613842947-768x510.jpg 768w, https:\/\/odyoset.com.tr\/wp-content\/uploads\/2020\/05\/BT_DL_Product-Lineup-scaled-e1590613842947-1536x1021.jpg 1536w, https:\/\/odyoset.com.tr\/wp-content\/uploads\/2020\/05\/BT_DL_Product-Lineup-scaled-e1590613842947.jpg 1920w\" sizes=\"(max-width: 300px) 100vw, 300px\" \/><figcaption>Beltone Direct line,myPAL,Micro,Pro,Product,Lineup,Line up,Line-up,GN Hearing,Hearing aid,Beltone,Direct Line,Audio,Audiology,Accessory,Assistance,Modern,Device,Equipment,Electronic,Technology,Improvement<\/figcaption><\/figure>\n\n\n\n<p><\/p>\n","protected":false},"excerpt":{"rendered":"","protected":false},"author":1,"featured_media":0,"parent":0,"menu_order":0,"comment_status":"closed","ping_status":"closed","template":"","meta":[],"yoast_head":"<!-- This site is optimized with the Yoast SEO plugin v20.9 - https:\/\/yoast.com\/wordpress\/plugins\/seo\/ -->\n<title>resimler |<\/title>\n<meta name=\"robots\" content=\"index, follow, max-snippet:-1, max-image-preview:large, max-video-preview:-1\" \/>\n<link rel=\"canonical\" href=\"https:\/\/odyoset.com.tr\/index.php\/1604-2\/\" \/>\n<meta property=\"og:locale\" content=\"tr_TR\" \/>\n<meta property=\"og:type\" content=\"article\" \/>\n<meta property=\"og:title\" content=\"resimler |\" \/>\n<meta property=\"og:url\" content=\"https:\/\/odyoset.com.tr\/index.php\/1604-2\/\" \/>\n<meta property=\"article:publisher\" content=\"https:\/\/www.facebook.com\/people\/ODYOSET-TME-MERKEZ\/100064193582497\/?locale=th_TH\" \/>\n<meta property=\"article:modified_time\" content=\"2020-05-29T05:01:48+00:00\" \/>\n<meta property=\"og:image\" content=\"http:\/\/odyoset.com.tr\/wp-content\/uploads\/2020\/05\/Styletto-Connect_on-table_white_960x480-1.jpg\" \/>\n<meta name=\"twitter:card\" content=\"summary_large_image\" \/>\n<script type=\"application\/ld+json\" class=\"yoast-schema-graph\">{\"@context\":\"https:\/\/schema.org\",\"@graph\":[{\"@type\":\"WebPage\",\"@id\":\"https:\/\/odyoset.com.tr\/index.php\/1604-2\/\",\"url\":\"https:\/\/odyoset.com.tr\/index.php\/1604-2\/\",\"name\":\"resimler |\",\"isPartOf\":{\"@id\":\"https:\/\/odyoset.com.tr\/#website\"},\"datePublished\":\"2020-05-29T04:45:23+00:00\",\"dateModified\":\"2020-05-29T05:01:48+00:00\",\"breadcrumb\":{\"@id\":\"https:\/\/odyoset.com.tr\/index.php\/1604-2\/#breadcrumb\"},\"inLanguage\":\"tr\",\"potentialAction\":[{\"@type\":\"ReadAction\",\"target\":[\"https:\/\/odyoset.com.tr\/index.php\/1604-2\/\"]}]},{\"@type\":\"BreadcrumbList\",\"@id\":\"https:\/\/odyoset.com.tr\/index.php\/1604-2\/#breadcrumb\",\"itemListElement\":[{\"@type\":\"ListItem\",\"position\":1,\"name\":\"Ana sayfa\",\"item\":\"https:\/\/odyoset.com.tr\/\"},{\"@type\":\"ListItem\",\"position\":2,\"name\":\"resimler\"}]},{\"@type\":\"WebSite\",\"@id\":\"https:\/\/odyoset.com.tr\/#website\",\"url\":\"https:\/\/odyoset.com.tr\/\",\"name\":\"Odyoset \u0130\u015fitme Cihazlar\u0131 Merkezi\",\"description\":\"\",\"publisher\":{\"@id\":\"https:\/\/odyoset.com.tr\/#organization\"},\"potentialAction\":[{\"@type\":\"SearchAction\",\"target\":{\"@type\":\"EntryPoint\",\"urlTemplate\":\"https:\/\/odyoset.com.tr\/?s={search_term_string}\"},\"query-input\":\"required name=search_term_string\"}],\"inLanguage\":\"tr\"},{\"@type\":\"Organization\",\"@id\":\"https:\/\/odyoset.com.tr\/#organization\",\"name\":\"Odyoset \u0130\u015fitme Cihazlar\u0131 ve Rehabilitasyon E\u011fitim\",\"url\":\"https:\/\/odyoset.com.tr\/\",\"logo\":{\"@type\":\"ImageObject\",\"inLanguage\":\"tr\",\"@id\":\"https:\/\/odyoset.com.tr\/#\/schema\/logo\/image\/\",\"url\":\"https:\/\/odyoset.com.tr\/wp-content\/uploads\/2020\/05\/logo-odyoset.png\",\"contentUrl\":\"https:\/\/odyoset.com.tr\/wp-content\/uploads\/2020\/05\/logo-odyoset.png\",\"width\":250,\"height\":73,\"caption\":\"Odyoset \u0130\u015fitme Cihazlar\u0131 ve Rehabilitasyon E\u011fitim\"},\"image\":{\"@id\":\"https:\/\/odyoset.com.tr\/#\/schema\/logo\/image\/\"},\"sameAs\":[\"https:\/\/www.facebook.com\/people\/ODYOSET-TME-MERKEZ\/100064193582497\/?locale=th_TH\"]}]}<\/script>\n<!-- \/ Yoast SEO plugin. -->","yoast_head_json":{"title":"resimler |","robots":{"index":"index","follow":"follow","max-snippet":"max-snippet:-1","max-image-preview":"max-image-preview:large","max-video-preview":"max-video-preview:-1"},"canonical":"https:\/\/odyoset.com.tr\/index.php\/1604-2\/","og_locale":"tr_TR","og_type":"article","og_title":"resimler |","og_url":"https:\/\/odyoset.com.tr\/index.php\/1604-2\/","article_publisher":"https:\/\/www.facebook.com\/people\/ODYOSET-TME-MERKEZ\/100064193582497\/?locale=th_TH","article_modified_time":"2020-05-29T05:01:48+00:00","og_image":[{"url":"http:\/\/odyoset.com.tr\/wp-content\/uploads\/2020\/05\/Styletto-Connect_on-table_white_960x480-1.jpg"}],"twitter_card":"summary_large_image","schema":{"@context":"https:\/\/schema.org","@graph":[{"@type":"WebPage","@id":"https:\/\/odyoset.com.tr\/index.php\/1604-2\/","url":"https:\/\/odyoset.com.tr\/index.php\/1604-2\/","name":"resimler |","isPartOf":{"@id":"https:\/\/odyoset.com.tr\/#website"},"datePublished":"2020-05-29T04:45:23+00:00","dateModified":"2020-05-29T05:01:48+00:00","breadcrumb":{"@id":"https:\/\/odyoset.com.tr\/index.php\/1604-2\/#breadcrumb"},"inLanguage":"tr","potentialAction":[{"@type":"ReadAction","target":["https:\/\/odyoset.com.tr\/index.php\/1604-2\/"]}]},{"@type":"BreadcrumbList","@id":"https:\/\/odyoset.com.tr\/index.php\/1604-2\/#breadcrumb","itemListElement":[{"@type":"ListItem","position":1,"name":"Ana sayfa","item":"https:\/\/odyoset.com.tr\/"},{"@type":"ListItem","position":2,"name":"resimler"}]},{"@type":"WebSite","@id":"https:\/\/odyoset.com.tr\/#website","url":"https:\/\/odyoset.com.tr\/","name":"Odyoset \u0130\u015fitme Cihazlar\u0131 Merkezi","description":"","publisher":{"@id":"https:\/\/odyoset.com.tr\/#organization"},"potentialAction":[{"@type":"SearchAction","target":{"@type":"EntryPoint","urlTemplate":"https:\/\/odyoset.com.tr\/?s={search_term_string}"},"query-input":"required name=search_term_string"}],"inLanguage":"tr"},{"@type":"Organization","@id":"https:\/\/odyoset.com.tr\/#organization","name":"Odyoset \u0130\u015fitme Cihazlar\u0131 ve Rehabilitasyon E\u011fitim","url":"https:\/\/odyoset.com.tr\/","logo":{"@type":"ImageObject","inLanguage":"tr","@id":"https:\/\/odyoset.com.tr\/#\/schema\/logo\/image\/","url":"https:\/\/odyoset.com.tr\/wp-content\/uploads\/2020\/05\/logo-odyoset.png","contentUrl":"https:\/\/odyoset.com.tr\/wp-content\/uploads\/2020\/05\/logo-odyoset.png","width":250,"height":73,"caption":"Odyoset \u0130\u015fitme Cihazlar\u0131 ve Rehabilitasyon E\u011fitim"},"image":{"@id":"https:\/\/odyoset.com.tr\/#\/schema\/logo\/image\/"},"sameAs":["https:\/\/www.facebook.com\/people\/ODYOSET-TME-MERKEZ\/100064193582497\/?locale=th_TH"]}]}},"_links":{"self":[{"href":"https:\/\/odyoset.com.tr\/index.php\/wp-json\/wp\/v2\/pages\/1604"}],"collection":[{"href":"https:\/\/odyoset.com.tr\/index.php\/wp-json\/wp\/v2\/pages"}],"about":[{"href":"https:\/\/odyoset.com.tr\/index.php\/wp-json\/wp\/v2\/types\/page"}],"author":[{"embeddable":true,"href":"https:\/\/odyoset.com.tr\/index.php\/wp-json\/wp\/v2\/users\/1"}],"replies":[{"embeddable":true,"href":"https:\/\/odyoset.com.tr\/index.php\/wp-json\/wp\/v2\/comments?post=1604"}],"version-history":[{"count":10,"href":"https:\/\/odyoset.com.tr\/index.php\/wp-json\/wp\/v2\/pages\/1604\/revisions"}],"predecessor-version":[{"id":1619,"href":"https:\/\/odyoset.com.tr\/index.php\/wp-json\/wp\/v2\/pages\/1604\/revisions\/1619"}],"wp:attachment":[{"href":"https:\/\/odyoset.com.tr\/index.php\/wp-json\/wp\/v2\/media?parent=1604"}],"curies":[{"name":"wp","href":"https:\/\/api.w.org\/{rel}","templated":true}]}}