{"id":1570,"date":"2020-05-28T01:22:36","date_gmt":"2020-05-27T22:22:36","guid":{"rendered":"http:\/\/odyoset.com.tr\/?page_id=1570"},"modified":"2020-05-28T01:41:26","modified_gmt":"2020-05-27T22:41:26","slug":"hakkimizda","status":"publish","type":"page","link":"https:\/\/odyoset.com.tr\/index.php\/hakkimizda\/","title":{"rendered":"Hakk\u0131m\u0131zda"},"content":{"rendered":"\n<figure class=\"wp-block-image size-large\"><img decoding=\"async\" loading=\"lazy\" width=\"1024\" height=\"439\" src=\"http:\/\/odyoset.com.tr\/wp-content\/uploads\/2020\/05\/BT_Gen_HCP_Talking_Header-1024x439.jpg\" alt=\"\" class=\"wp-image-8\" srcset=\"https:\/\/odyoset.com.tr\/wp-content\/uploads\/2020\/05\/BT_Gen_HCP_Talking_Header-1024x439.jpg 1024w, https:\/\/odyoset.com.tr\/wp-content\/uploads\/2020\/05\/BT_Gen_HCP_Talking_Header-300x129.jpg 300w, https:\/\/odyoset.com.tr\/wp-content\/uploads\/2020\/05\/BT_Gen_HCP_Talking_Header-768x329.jpg 768w, https:\/\/odyoset.com.tr\/wp-content\/uploads\/2020\/05\/BT_Gen_HCP_Talking_Header-1536x658.jpg 1536w, https:\/\/odyoset.com.tr\/wp-content\/uploads\/2020\/05\/BT_Gen_HCP_Talking_Header-2048x878.jpg 2048w\" sizes=\"(max-width: 1024px) 100vw, 1024px\" \/><figcaption>Beltone generic HCP office woman clinic fitting client patient<\/figcaption><\/figure>\n\n\n\n<p>Gaziantep ilimizde i\u015fitme alan\u0131nda fark yaratmay\u0131 hedefleyen uzman kadromuz, teknolojik altyap\u0131s\u0131 ve \u00fcst\u00fcn hizmet kalitesi ile perakende sekt\u00f6r\u00fcnde son 15 senedir de ODYOSET Merkezi olarak yeni konseptini olu\u015fturdu.<\/p>\n\n\n\n<p>ODYOSET Merkezi \u2018nin \u00f6ncelikli amac\u0131, i\u015fitme sorunlar\u0131n\u0131n uzmanl\u0131kla ve do\u011fru teknolojilerle kolayca \u00e7\u00f6z\u00fclebilecek sorunlar oldu\u011fu ger\u00e7e\u011finden hareketle i\u015fitme sorunu ya\u015fayanlar\u0131n sorunlar\u0131n\u0131 \u00e7\u00f6zerek ya\u015famlar\u0131n\u0131 kaliteli hale getirebilmektir.<\/p>\n\n\n\n<p>ODYOSET Merkezi, \u00fclkemizde i\u015fitme sekt\u00f6r\u00fcnde daha \u00f6nce var olan; i\u015fitme sorunu ya\u015fayanlara standart \u00e7\u00f6z\u00fcmler \u00f6nermek yerine her ya\u015ftan insan i\u00e7in ki\u015fiye \u00f6zel ve en do\u011fru \u00e7\u00f6z\u00fcm\u00fc sunmay\u0131, sorunlar\u0131n \u00e7\u00f6z\u00fcm\u00fcne uygun olmayan, belirli kalite seviyesini yakalayamam\u0131\u015f i\u015fitme cihazlar\u0131n\u0131n sat\u0131\u015f\u0131n\u0131 yapmak yerine yararl\u0131l\u0131\u011f\u0131 bilimsel olarak kan\u0131tlanm\u0131\u015f, alan\u0131nda \u00f6nc\u00fc i\u015fitme ekipmanlar\u0131n\u0131 uygun fiyatlarla ve standartlar\u0131n \u00fczerinde garanti s\u00fcresiyle sunarak hizmetlerinde \u00f6ncelikli olarak m\u00fc\u015fteri memnuniyetini temel almay\u0131 prensip olarak benimsemi\u015ftir.<\/p>\n\n\n\n<p>ODYOSET Merkezi do\u011fru te\u015fhis ve bundan sonras\u0131nda uygulanacak y\u00f6ntemlere do\u011fru \u0131\u015f\u0131k tutabilmek amac\u0131yla klinik odyolojiyi en son teknojiyle hizmetinize sunmaya \u00e7al\u0131\u015fmaktad\u0131r. YEN\u0130 DO\u011eAN tarama testleri (Oto Akustik Emisyon,TEOAE ve DPOAE) , Supraliminer testler (ABR,ASSR),Saf Ses Odyometri, Timpanometri, Akustik Reflex, Serbest Saha,\u0130\u015fitme Cihazl\u0131 veya Koklear \u0130mplantl\u0131 kullan\u0131c\u0131lar\u0131n i\u015fitme testleri vb. klinik uygulamalara Gaziantep ilimizde \u00f6nc\u00fcl\u00fck yapm\u0131\u015ft\u0131r.<\/p>\n\n\n\n<p>Hayat\u0131 duyman\u0131n ve bizce en \u00f6nemlisi duyduklar\u0131n\u0131z\u0131 anlaman\u0131n ideal yolunu sunabilmek bizim i\u00e7in \u00e7ok \u00f6nemli.<\/p>\n","protected":false},"excerpt":{"rendered":"<p>Gaziantep ilimizde i\u015fitme alan\u0131nda fark yaratmay\u0131 hedefleyen uzman kadromuz, teknolojik altyap\u0131s\u0131 ve \u00fcst\u00fcn hizmet kalitesi ile perakende sekt\u00f6r\u00fcnde son 15 senedir de ODYOSET Merkezi olarak yeni konseptini olu\u015fturdu. ODYOSET Merkezi &#8230;<\/p>\n","protected":false},"author":1,"featured_media":0,"parent":0,"menu_order":0,"comment_status":"closed","ping_status":"closed","template":"","meta":[],"yoast_head":"<!-- This site is optimized with the Yoast SEO plugin v20.9 - https:\/\/yoast.com\/wordpress\/plugins\/seo\/ -->\n<title>Hakk\u0131m\u0131zda |<\/title>\n<meta name=\"robots\" content=\"index, follow, max-snippet:-1, max-image-preview:large, max-video-preview:-1\" \/>\n<link rel=\"canonical\" href=\"https:\/\/odyoset.com.tr\/index.php\/hakkimizda\/\" \/>\n<meta property=\"og:locale\" content=\"tr_TR\" \/>\n<meta property=\"og:type\" content=\"article\" \/>\n<meta property=\"og:title\" content=\"Hakk\u0131m\u0131zda |\" \/>\n<meta property=\"og:description\" content=\"Gaziantep ilimizde i\u015fitme alan\u0131nda fark yaratmay\u0131 hedefleyen uzman kadromuz, teknolojik altyap\u0131s\u0131 ve \u00fcst\u00fcn hizmet kalitesi ile perakende sekt\u00f6r\u00fcnde son 15 senedir de ODYOSET Merkezi olarak yeni konseptini olu\u015fturdu. ODYOSET Merkezi ...\" \/>\n<meta property=\"og:url\" content=\"https:\/\/odyoset.com.tr\/index.php\/hakkimizda\/\" \/>\n<meta property=\"article:publisher\" content=\"https:\/\/www.facebook.com\/people\/ODYOSET-TME-MERKEZ\/100064193582497\/?locale=th_TH\" \/>\n<meta property=\"article:modified_time\" content=\"2020-05-27T22:41:26+00:00\" \/>\n<meta property=\"og:image\" content=\"http:\/\/odyoset.com.tr\/wp-content\/uploads\/2020\/05\/BT_Gen_HCP_Talking_Header-1024x439.jpg\" \/>\n<meta name=\"twitter:card\" content=\"summary_large_image\" \/>\n<meta name=\"twitter:label1\" content=\"Tahmini okuma s\u00fcresi\" \/>\n\t<meta name=\"twitter:data1\" content=\"1 dakika\" \/>\n<script type=\"application\/ld+json\" class=\"yoast-schema-graph\">{\"@context\":\"https:\/\/schema.org\",\"@graph\":[{\"@type\":\"WebPage\",\"@id\":\"https:\/\/odyoset.com.tr\/index.php\/hakkimizda\/\",\"url\":\"https:\/\/odyoset.com.tr\/index.php\/hakkimizda\/\",\"name\":\"Hakk\u0131m\u0131zda |\",\"isPartOf\":{\"@id\":\"https:\/\/odyoset.com.tr\/#website\"},\"datePublished\":\"2020-05-27T22:22:36+00:00\",\"dateModified\":\"2020-05-27T22:41:26+00:00\",\"breadcrumb\":{\"@id\":\"https:\/\/odyoset.com.tr\/index.php\/hakkimizda\/#breadcrumb\"},\"inLanguage\":\"tr\",\"potentialAction\":[{\"@type\":\"ReadAction\",\"target\":[\"https:\/\/odyoset.com.tr\/index.php\/hakkimizda\/\"]}]},{\"@type\":\"BreadcrumbList\",\"@id\":\"https:\/\/odyoset.com.tr\/index.php\/hakkimizda\/#breadcrumb\",\"itemListElement\":[{\"@type\":\"ListItem\",\"position\":1,\"name\":\"Ana sayfa\",\"item\":\"https:\/\/odyoset.com.tr\/\"},{\"@type\":\"ListItem\",\"position\":2,\"name\":\"Hakk\u0131m\u0131zda\"}]},{\"@type\":\"WebSite\",\"@id\":\"https:\/\/odyoset.com.tr\/#website\",\"url\":\"https:\/\/odyoset.com.tr\/\",\"name\":\"Odyoset \u0130\u015fitme Cihazlar\u0131 Merkezi\",\"description\":\"\",\"publisher\":{\"@id\":\"https:\/\/odyoset.com.tr\/#organization\"},\"potentialAction\":[{\"@type\":\"SearchAction\",\"target\":{\"@type\":\"EntryPoint\",\"urlTemplate\":\"https:\/\/odyoset.com.tr\/?s={search_term_string}\"},\"query-input\":\"required name=search_term_string\"}],\"inLanguage\":\"tr\"},{\"@type\":\"Organization\",\"@id\":\"https:\/\/odyoset.com.tr\/#organization\",\"name\":\"Odyoset \u0130\u015fitme Cihazlar\u0131 ve Rehabilitasyon E\u011fitim\",\"url\":\"https:\/\/odyoset.com.tr\/\",\"logo\":{\"@type\":\"ImageObject\",\"inLanguage\":\"tr\",\"@id\":\"https:\/\/odyoset.com.tr\/#\/schema\/logo\/image\/\",\"url\":\"https:\/\/odyoset.com.tr\/wp-content\/uploads\/2020\/05\/logo-odyoset.png\",\"contentUrl\":\"https:\/\/odyoset.com.tr\/wp-content\/uploads\/2020\/05\/logo-odyoset.png\",\"width\":250,\"height\":73,\"caption\":\"Odyoset \u0130\u015fitme Cihazlar\u0131 ve Rehabilitasyon E\u011fitim\"},\"image\":{\"@id\":\"https:\/\/odyoset.com.tr\/#\/schema\/logo\/image\/\"},\"sameAs\":[\"https:\/\/www.facebook.com\/people\/ODYOSET-TME-MERKEZ\/100064193582497\/?locale=th_TH\"]}]}<\/script>\n<!-- \/ Yoast SEO plugin. -->","yoast_head_json":{"title":"Hakk\u0131m\u0131zda |","robots":{"index":"index","follow":"follow","max-snippet":"max-snippet:-1","max-image-preview":"max-image-preview:large","max-video-preview":"max-video-preview:-1"},"canonical":"https:\/\/odyoset.com.tr\/index.php\/hakkimizda\/","og_locale":"tr_TR","og_type":"article","og_title":"Hakk\u0131m\u0131zda |","og_description":"Gaziantep ilimizde i\u015fitme alan\u0131nda fark yaratmay\u0131 hedefleyen uzman kadromuz, teknolojik altyap\u0131s\u0131 ve \u00fcst\u00fcn hizmet kalitesi ile perakende sekt\u00f6r\u00fcnde son 15 senedir de ODYOSET Merkezi olarak yeni konseptini olu\u015fturdu. ODYOSET Merkezi ...","og_url":"https:\/\/odyoset.com.tr\/index.php\/hakkimizda\/","article_publisher":"https:\/\/www.facebook.com\/people\/ODYOSET-TME-MERKEZ\/100064193582497\/?locale=th_TH","article_modified_time":"2020-05-27T22:41:26+00:00","og_image":[{"url":"http:\/\/odyoset.com.tr\/wp-content\/uploads\/2020\/05\/BT_Gen_HCP_Talking_Header-1024x439.jpg"}],"twitter_card":"summary_large_image","twitter_misc":{"Tahmini okuma s\u00fcresi":"1 dakika"},"schema":{"@context":"https:\/\/schema.org","@graph":[{"@type":"WebPage","@id":"https:\/\/odyoset.com.tr\/index.php\/hakkimizda\/","url":"https:\/\/odyoset.com.tr\/index.php\/hakkimizda\/","name":"Hakk\u0131m\u0131zda |","isPartOf":{"@id":"https:\/\/odyoset.com.tr\/#website"},"datePublished":"2020-05-27T22:22:36+00:00","dateModified":"2020-05-27T22:41:26+00:00","breadcrumb":{"@id":"https:\/\/odyoset.com.tr\/index.php\/hakkimizda\/#breadcrumb"},"inLanguage":"tr","potentialAction":[{"@type":"ReadAction","target":["https:\/\/odyoset.com.tr\/index.php\/hakkimizda\/"]}]},{"@type":"BreadcrumbList","@id":"https:\/\/odyoset.com.tr\/index.php\/hakkimizda\/#breadcrumb","itemListElement":[{"@type":"ListItem","position":1,"name":"Ana sayfa","item":"https:\/\/odyoset.com.tr\/"},{"@type":"ListItem","position":2,"name":"Hakk\u0131m\u0131zda"}]},{"@type":"WebSite","@id":"https:\/\/odyoset.com.tr\/#website","url":"https:\/\/odyoset.com.tr\/","name":"Odyoset \u0130\u015fitme Cihazlar\u0131 Merkezi","description":"","publisher":{"@id":"https:\/\/odyoset.com.tr\/#organization"},"potentialAction":[{"@type":"SearchAction","target":{"@type":"EntryPoint","urlTemplate":"https:\/\/odyoset.com.tr\/?s={search_term_string}"},"query-input":"required name=search_term_string"}],"inLanguage":"tr"},{"@type":"Organization","@id":"https:\/\/odyoset.com.tr\/#organization","name":"Odyoset \u0130\u015fitme Cihazlar\u0131 ve Rehabilitasyon E\u011fitim","url":"https:\/\/odyoset.com.tr\/","logo":{"@type":"ImageObject","inLanguage":"tr","@id":"https:\/\/odyoset.com.tr\/#\/schema\/logo\/image\/","url":"https:\/\/odyoset.com.tr\/wp-content\/uploads\/2020\/05\/logo-odyoset.png","contentUrl":"https:\/\/odyoset.com.tr\/wp-content\/uploads\/2020\/05\/logo-odyoset.png","width":250,"height":73,"caption":"Odyoset \u0130\u015fitme Cihazlar\u0131 ve Rehabilitasyon E\u011fitim"},"image":{"@id":"https:\/\/odyoset.com.tr\/#\/schema\/logo\/image\/"},"sameAs":["https:\/\/www.facebook.com\/people\/ODYOSET-TME-MERKEZ\/100064193582497\/?locale=th_TH"]}]}},"_links":{"self":[{"href":"https:\/\/odyoset.com.tr\/index.php\/wp-json\/wp\/v2\/pages\/1570"}],"collection":[{"href":"https:\/\/odyoset.com.tr\/index.php\/wp-json\/wp\/v2\/pages"}],"about":[{"href":"https:\/\/odyoset.com.tr\/index.php\/wp-json\/wp\/v2\/types\/page"}],"author":[{"embeddable":true,"href":"https:\/\/odyoset.com.tr\/index.php\/wp-json\/wp\/v2\/users\/1"}],"replies":[{"embeddable":true,"href":"https:\/\/odyoset.com.tr\/index.php\/wp-json\/wp\/v2\/comments?post=1570"}],"version-history":[{"count":2,"href":"https:\/\/odyoset.com.tr\/index.php\/wp-json\/wp\/v2\/pages\/1570\/revisions"}],"predecessor-version":[{"id":1588,"href":"https:\/\/odyoset.com.tr\/index.php\/wp-json\/wp\/v2\/pages\/1570\/revisions\/1588"}],"wp:attachment":[{"href":"https:\/\/odyoset.com.tr\/index.php\/wp-json\/wp\/v2\/media?parent=1570"}],"curies":[{"name":"wp","href":"https:\/\/api.w.org\/{rel}","templated":true}]}}