{"id":1487,"date":"2018-05-03T03:19:09","date_gmt":"2018-05-03T03:19:09","guid":{"rendered":"http:\/\/customifysites.com\/customify-2018\/?page_id=24"},"modified":"2018-05-03T03:19:09","modified_gmt":"2018-05-03T03:19:09","slug":"features","status":"publish","type":"page","link":"https:\/\/odyoset.com.tr\/index.php\/features\/","title":{"rendered":"Features"},"content":{"rendered":"","protected":false},"excerpt":{"rendered":"","protected":false},"author":2,"featured_media":0,"parent":0,"menu_order":0,"comment_status":"closed","ping_status":"closed","template":"","meta":[],"yoast_head":"<!-- This site is optimized with the Yoast SEO plugin v20.9 - https:\/\/yoast.com\/wordpress\/plugins\/seo\/ -->\n<title>Features |<\/title>\n<meta name=\"robots\" content=\"index, follow, max-snippet:-1, max-image-preview:large, max-video-preview:-1\" \/>\n<link rel=\"canonical\" href=\"https:\/\/odyoset.com.tr\/index.php\/features\/\" \/>\n<meta property=\"og:locale\" content=\"tr_TR\" \/>\n<meta property=\"og:type\" content=\"article\" \/>\n<meta property=\"og:title\" content=\"Features |\" \/>\n<meta property=\"og:url\" content=\"https:\/\/odyoset.com.tr\/index.php\/features\/\" \/>\n<meta property=\"article:publisher\" content=\"https:\/\/www.facebook.com\/people\/ODYOSET-TME-MERKEZ\/100064193582497\/?locale=th_TH\" \/>\n<meta name=\"twitter:card\" content=\"summary_large_image\" \/>\n<script type=\"application\/ld+json\" class=\"yoast-schema-graph\">{\"@context\":\"https:\/\/schema.org\",\"@graph\":[{\"@type\":\"WebPage\",\"@id\":\"https:\/\/odyoset.com.tr\/index.php\/features\/\",\"url\":\"https:\/\/odyoset.com.tr\/index.php\/features\/\",\"name\":\"Features |\",\"isPartOf\":{\"@id\":\"https:\/\/odyoset.com.tr\/#website\"},\"datePublished\":\"2018-05-03T03:19:09+00:00\",\"dateModified\":\"2018-05-03T03:19:09+00:00\",\"breadcrumb\":{\"@id\":\"https:\/\/odyoset.com.tr\/index.php\/features\/#breadcrumb\"},\"inLanguage\":\"tr\",\"potentialAction\":[{\"@type\":\"ReadAction\",\"target\":[\"https:\/\/odyoset.com.tr\/index.php\/features\/\"]}]},{\"@type\":\"BreadcrumbList\",\"@id\":\"https:\/\/odyoset.com.tr\/index.php\/features\/#breadcrumb\",\"itemListElement\":[{\"@type\":\"ListItem\",\"position\":1,\"name\":\"Ana sayfa\",\"item\":\"https:\/\/odyoset.com.tr\/\"},{\"@type\":\"ListItem\",\"position\":2,\"name\":\"Features\"}]},{\"@type\":\"WebSite\",\"@id\":\"https:\/\/odyoset.com.tr\/#website\",\"url\":\"https:\/\/odyoset.com.tr\/\",\"name\":\"Odyoset \u0130\u015fitme Cihazlar\u0131 Merkezi\",\"description\":\"\",\"publisher\":{\"@id\":\"https:\/\/odyoset.com.tr\/#organization\"},\"potentialAction\":[{\"@type\":\"SearchAction\",\"target\":{\"@type\":\"EntryPoint\",\"urlTemplate\":\"https:\/\/odyoset.com.tr\/?s={search_term_string}\"},\"query-input\":\"required name=search_term_string\"}],\"inLanguage\":\"tr\"},{\"@type\":\"Organization\",\"@id\":\"https:\/\/odyoset.com.tr\/#organization\",\"name\":\"Odyoset \u0130\u015fitme Cihazlar\u0131 ve Rehabilitasyon E\u011fitim\",\"url\":\"https:\/\/odyoset.com.tr\/\",\"logo\":{\"@type\":\"ImageObject\",\"inLanguage\":\"tr\",\"@id\":\"https:\/\/odyoset.com.tr\/#\/schema\/logo\/image\/\",\"url\":\"https:\/\/odyoset.com.tr\/wp-content\/uploads\/2020\/05\/logo-odyoset.png\",\"contentUrl\":\"https:\/\/odyoset.com.tr\/wp-content\/uploads\/2020\/05\/logo-odyoset.png\",\"width\":250,\"height\":73,\"caption\":\"Odyoset \u0130\u015fitme Cihazlar\u0131 ve Rehabilitasyon E\u011fitim\"},\"image\":{\"@id\":\"https:\/\/odyoset.com.tr\/#\/schema\/logo\/image\/\"},\"sameAs\":[\"https:\/\/www.facebook.com\/people\/ODYOSET-TME-MERKEZ\/100064193582497\/?locale=th_TH\"]}]}<\/script>\n<!-- \/ Yoast SEO plugin. -->","yoast_head_json":{"title":"Features |","robots":{"index":"index","follow":"follow","max-snippet":"max-snippet:-1","max-image-preview":"max-image-preview:large","max-video-preview":"max-video-preview:-1"},"canonical":"https:\/\/odyoset.com.tr\/index.php\/features\/","og_locale":"tr_TR","og_type":"article","og_title":"Features |","og_url":"https:\/\/odyoset.com.tr\/index.php\/features\/","article_publisher":"https:\/\/www.facebook.com\/people\/ODYOSET-TME-MERKEZ\/100064193582497\/?locale=th_TH","twitter_card":"summary_large_image","schema":{"@context":"https:\/\/schema.org","@graph":[{"@type":"WebPage","@id":"https:\/\/odyoset.com.tr\/index.php\/features\/","url":"https:\/\/odyoset.com.tr\/index.php\/features\/","name":"Features |","isPartOf":{"@id":"https:\/\/odyoset.com.tr\/#website"},"datePublished":"2018-05-03T03:19:09+00:00","dateModified":"2018-05-03T03:19:09+00:00","breadcrumb":{"@id":"https:\/\/odyoset.com.tr\/index.php\/features\/#breadcrumb"},"inLanguage":"tr","potentialAction":[{"@type":"ReadAction","target":["https:\/\/odyoset.com.tr\/index.php\/features\/"]}]},{"@type":"BreadcrumbList","@id":"https:\/\/odyoset.com.tr\/index.php\/features\/#breadcrumb","itemListElement":[{"@type":"ListItem","position":1,"name":"Ana sayfa","item":"https:\/\/odyoset.com.tr\/"},{"@type":"ListItem","position":2,"name":"Features"}]},{"@type":"WebSite","@id":"https:\/\/odyoset.com.tr\/#website","url":"https:\/\/odyoset.com.tr\/","name":"Odyoset \u0130\u015fitme Cihazlar\u0131 Merkezi","description":"","publisher":{"@id":"https:\/\/odyoset.com.tr\/#organization"},"potentialAction":[{"@type":"SearchAction","target":{"@type":"EntryPoint","urlTemplate":"https:\/\/odyoset.com.tr\/?s={search_term_string}"},"query-input":"required name=search_term_string"}],"inLanguage":"tr"},{"@type":"Organization","@id":"https:\/\/odyoset.com.tr\/#organization","name":"Odyoset \u0130\u015fitme Cihazlar\u0131 ve Rehabilitasyon E\u011fitim","url":"https:\/\/odyoset.com.tr\/","logo":{"@type":"ImageObject","inLanguage":"tr","@id":"https:\/\/odyoset.com.tr\/#\/schema\/logo\/image\/","url":"https:\/\/odyoset.com.tr\/wp-content\/uploads\/2020\/05\/logo-odyoset.png","contentUrl":"https:\/\/odyoset.com.tr\/wp-content\/uploads\/2020\/05\/logo-odyoset.png","width":250,"height":73,"caption":"Odyoset \u0130\u015fitme Cihazlar\u0131 ve Rehabilitasyon E\u011fitim"},"image":{"@id":"https:\/\/odyoset.com.tr\/#\/schema\/logo\/image\/"},"sameAs":["https:\/\/www.facebook.com\/people\/ODYOSET-TME-MERKEZ\/100064193582497\/?locale=th_TH"]}]}},"_links":{"self":[{"href":"https:\/\/odyoset.com.tr\/index.php\/wp-json\/wp\/v2\/pages\/1487"}],"collection":[{"href":"https:\/\/odyoset.com.tr\/index.php\/wp-json\/wp\/v2\/pages"}],"about":[{"href":"https:\/\/odyoset.com.tr\/index.php\/wp-json\/wp\/v2\/types\/page"}],"author":[{"embeddable":true,"href":"https:\/\/odyoset.com.tr\/index.php\/wp-json\/wp\/v2\/users\/2"}],"replies":[{"embeddable":true,"href":"https:\/\/odyoset.com.tr\/index.php\/wp-json\/wp\/v2\/comments?post=1487"}],"version-history":[{"count":0,"href":"https:\/\/odyoset.com.tr\/index.php\/wp-json\/wp\/v2\/pages\/1487\/revisions"}],"wp:attachment":[{"href":"https:\/\/odyoset.com.tr\/index.php\/wp-json\/wp\/v2\/media?parent=1487"}],"curies":[{"name":"wp","href":"https:\/\/api.w.org\/{rel}","templated":true}]}}